{"id":279,"date":"2025-04-02T21:17:08","date_gmt":"2025-04-02T21:17:08","guid":{"rendered":"https:\/\/www.simondluscombe.com\/?page_id=279"},"modified":"2025-04-02T21:21:20","modified_gmt":"2025-04-02T21:21:20","slug":"cruzaelraquis","status":"publish","type":"page","link":"https:\/\/www.simondluscombe.com\/index.php\/cruzaelraquis\/","title":{"rendered":"Si est\u00e1s aqu\u00ed&#8230;"},"content":{"rendered":"\n<p>&#8230;es porque quieres leer un libro que te enganche y te sorprenda a cada p\u00e1gina. <\/p>\n\n\n\n<p>La magia ya no existe y una ni\u00f1a de seis a\u00f1os trata de sobrevivir en un mundo dividido en dos por una cordillera infranqueable: el Raquis.<\/p>\n\n\n\n<p>Si te gust\u00f3 Juego de Tronos o The Witcher esta trilog\u00eda es para ti. Cada cap\u00edtulo est\u00e1 narrado desde el punto de vista de cada uno de los cuatro personajes principales de la historia. Te prometo que no vas a poder parar de leer.<\/p>\n\n\n\n<figure class=\"wp-block-image size-large\"><a href=\"https:\/\/amzn.eu\/d\/3oqzknY\"><img loading=\"lazy\" decoding=\"async\" width=\"1024\" height=\"311\" src=\"https:\/\/www.simondluscombe.com\/wp-content\/uploads\/2025\/04\/raquis-banner-1-1024x311.png\" alt=\"\" class=\"wp-image-281\" srcset=\"https:\/\/www.simondluscombe.com\/wp-content\/uploads\/2025\/04\/raquis-banner-1-1024x311.png 1024w, https:\/\/www.simondluscombe.com\/wp-content\/uploads\/2025\/04\/raquis-banner-1-300x91.png 300w, https:\/\/www.simondluscombe.com\/wp-content\/uploads\/2025\/04\/raquis-banner-1-768x233.png 768w, https:\/\/www.simondluscombe.com\/wp-content\/uploads\/2025\/04\/raquis-banner-1-1536x467.png 1536w, https:\/\/www.simondluscombe.com\/wp-content\/uploads\/2025\/04\/raquis-banner-1-2048x622.png 2048w\" sizes=\"auto, (max-width: 1024px) 100vw, 1024px\" \/><\/a><\/figure>\n\n\n\n<p>Soy Simon, escritor valenciano y escribo fantas\u00eda oscura para un p\u00fablico adulto. <\/p>\n\n\n\n<p>La gente dice que engancha, y yo lo que quiero es sorprenderte hasta la \u00faltima p\u00e1gina. <\/p>\n\n\n\n<p>\u00bfTe atreves a cruzar el Raquis?<\/p>\n\n\n\n<figure class=\"wp-block-image size-large\"><a href=\"https:\/\/amzn.eu\/d\/hHT9LWG\"><img loading=\"lazy\" decoding=\"async\" width=\"1024\" height=\"311\" src=\"https:\/\/www.simondluscombe.com\/wp-content\/uploads\/2025\/04\/raquis-banner-2-1024x311.png\" alt=\"\" class=\"wp-image-282\" srcset=\"https:\/\/www.simondluscombe.com\/wp-content\/uploads\/2025\/04\/raquis-banner-2-1024x311.png 1024w, https:\/\/www.simondluscombe.com\/wp-content\/uploads\/2025\/04\/raquis-banner-2-300x91.png 300w, https:\/\/www.simondluscombe.com\/wp-content\/uploads\/2025\/04\/raquis-banner-2-768x233.png 768w, https:\/\/www.simondluscombe.com\/wp-content\/uploads\/2025\/04\/raquis-banner-2-1536x466.png 1536w, https:\/\/www.simondluscombe.com\/wp-content\/uploads\/2025\/04\/raquis-banner-2-2048x622.png 2048w\" sizes=\"auto, (max-width: 1024px) 100vw, 1024px\" \/><\/a><\/figure>\n\n\n\n<p><\/p>\n","protected":false},"excerpt":{"rendered":"<p>&#8230;es porque quieres leer un libro que te enganche y te sorprenda a cada p\u00e1gina. La magia ya no existe y una ni\u00f1a de seis a\u00f1os trata de sobrevivir en un mundo dividido en dos por una cordillera infranqueable: el Raquis. Si te gust\u00f3 Juego de Tronos o The Witcher esta trilog\u00eda es para ti. [&hellip;]<\/p>\n","protected":false},"author":1,"featured_media":0,"parent":0,"menu_order":0,"comment_status":"closed","ping_status":"closed","template":"","meta":{"footnotes":""},"class_list":["post-279","page","type-page","status-publish","hentry"],"yoast_head":"<!-- This site is optimized with the Yoast SEO plugin v19.6.1 - https:\/\/yoast.com\/wordpress\/plugins\/seo\/ -->\n<title>Si est\u00e1s aqu\u00ed... - Sim&oacute;n D. Luscombe<\/title>\n<meta name=\"robots\" content=\"index, follow, max-snippet:-1, max-image-preview:large, max-video-preview:-1\" \/>\n<link rel=\"canonical\" href=\"https:\/\/www.simondluscombe.com\/index.php\/cruzaelraquis\/\" \/>\n<meta property=\"og:locale\" content=\"es_ES\" \/>\n<meta property=\"og:type\" content=\"article\" \/>\n<meta property=\"og:title\" content=\"Si est\u00e1s aqu\u00ed... - Sim&oacute;n D. Luscombe\" \/>\n<meta property=\"og:description\" content=\"&#8230;es porque quieres leer un libro que te enganche y te sorprenda a cada p\u00e1gina. La magia ya no existe y una ni\u00f1a de seis a\u00f1os trata de sobrevivir en un mundo dividido en dos por una cordillera infranqueable: el Raquis. Si te gust\u00f3 Juego de Tronos o The Witcher esta trilog\u00eda es para ti. [&hellip;]\" \/>\n<meta property=\"og:url\" content=\"https:\/\/www.simondluscombe.com\/index.php\/cruzaelraquis\/\" \/>\n<meta property=\"og:site_name\" content=\"Sim&oacute;n D. Luscombe\" \/>\n<meta property=\"article:modified_time\" content=\"2025-04-02T21:21:20+00:00\" \/>\n<meta property=\"og:image\" content=\"https:\/\/www.simondluscombe.com\/wp-content\/uploads\/2025\/04\/raquis-banner-1-1024x311.png\" \/>\n<meta name=\"twitter:card\" content=\"summary_large_image\" \/>\n<meta name=\"twitter:label1\" content=\"Tiempo de lectura\" \/>\n\t<meta name=\"twitter:data1\" content=\"1 minuto\" \/>\n<script type=\"application\/ld+json\" class=\"yoast-schema-graph\">{\"@context\":\"https:\/\/schema.org\",\"@graph\":[{\"@type\":\"WebPage\",\"@id\":\"https:\/\/www.simondluscombe.com\/index.php\/cruzaelraquis\/\",\"url\":\"https:\/\/www.simondluscombe.com\/index.php\/cruzaelraquis\/\",\"name\":\"Si est\u00e1s aqu\u00ed... - Sim&oacute;n D. Luscombe\",\"isPartOf\":{\"@id\":\"https:\/\/www.simondluscombe.com\/#website\"},\"datePublished\":\"2025-04-02T21:17:08+00:00\",\"dateModified\":\"2025-04-02T21:21:20+00:00\",\"breadcrumb\":{\"@id\":\"https:\/\/www.simondluscombe.com\/index.php\/cruzaelraquis\/#breadcrumb\"},\"inLanguage\":\"es\",\"potentialAction\":[{\"@type\":\"ReadAction\",\"target\":[\"https:\/\/www.simondluscombe.com\/index.php\/cruzaelraquis\/\"]}]},{\"@type\":\"BreadcrumbList\",\"@id\":\"https:\/\/www.simondluscombe.com\/index.php\/cruzaelraquis\/#breadcrumb\",\"itemListElement\":[{\"@type\":\"ListItem\",\"position\":1,\"name\":\"Portada\",\"item\":\"https:\/\/www.simondluscombe.com\/\"},{\"@type\":\"ListItem\",\"position\":2,\"name\":\"Si est\u00e1s aqu\u00ed&#8230;\"}]},{\"@type\":\"WebSite\",\"@id\":\"https:\/\/www.simondluscombe.com\/#website\",\"url\":\"https:\/\/www.simondluscombe.com\/\",\"name\":\"Sim&oacute;n D. Luscombe\",\"description\":\"Escritor\",\"publisher\":{\"@id\":\"https:\/\/www.simondluscombe.com\/#organization\"},\"potentialAction\":[{\"@type\":\"SearchAction\",\"target\":{\"@type\":\"EntryPoint\",\"urlTemplate\":\"https:\/\/www.simondluscombe.com\/?s={search_term_string}\"},\"query-input\":\"required name=search_term_string\"}],\"inLanguage\":\"es\"},{\"@type\":\"Organization\",\"@id\":\"https:\/\/www.simondluscombe.com\/#organization\",\"name\":\"Sim&oacute;n D. Luscombe\",\"url\":\"https:\/\/www.simondluscombe.com\/\",\"sameAs\":[],\"logo\":{\"@type\":\"ImageObject\",\"inLanguage\":\"es\",\"@id\":\"https:\/\/www.simondluscombe.com\/#\/schema\/logo\/image\/\",\"url\":\"https:\/\/www.simondluscombe.com\/wp-content\/uploads\/2022\/09\/cropped-Mesa-de-trabajo-2@2x.png\",\"contentUrl\":\"https:\/\/www.simondluscombe.com\/wp-content\/uploads\/2022\/09\/cropped-Mesa-de-trabajo-2@2x.png\",\"width\":731,\"height\":209,\"caption\":\"Sim&oacute;n D. Luscombe\"},\"image\":{\"@id\":\"https:\/\/www.simondluscombe.com\/#\/schema\/logo\/image\/\"}}]}<\/script>\n<!-- \/ Yoast SEO plugin. -->","yoast_head_json":{"title":"Si est\u00e1s aqu\u00ed... - Sim&oacute;n D. Luscombe","robots":{"index":"index","follow":"follow","max-snippet":"max-snippet:-1","max-image-preview":"max-image-preview:large","max-video-preview":"max-video-preview:-1"},"canonical":"https:\/\/www.simondluscombe.com\/index.php\/cruzaelraquis\/","og_locale":"es_ES","og_type":"article","og_title":"Si est\u00e1s aqu\u00ed... - Sim&oacute;n D. Luscombe","og_description":"&#8230;es porque quieres leer un libro que te enganche y te sorprenda a cada p\u00e1gina. La magia ya no existe y una ni\u00f1a de seis a\u00f1os trata de sobrevivir en un mundo dividido en dos por una cordillera infranqueable: el Raquis. Si te gust\u00f3 Juego de Tronos o The Witcher esta trilog\u00eda es para ti. [&hellip;]","og_url":"https:\/\/www.simondluscombe.com\/index.php\/cruzaelraquis\/","og_site_name":"Sim&oacute;n D. Luscombe","article_modified_time":"2025-04-02T21:21:20+00:00","og_image":[{"url":"https:\/\/www.simondluscombe.com\/wp-content\/uploads\/2025\/04\/raquis-banner-1-1024x311.png"}],"twitter_card":"summary_large_image","twitter_misc":{"Tiempo de lectura":"1 minuto"},"schema":{"@context":"https:\/\/schema.org","@graph":[{"@type":"WebPage","@id":"https:\/\/www.simondluscombe.com\/index.php\/cruzaelraquis\/","url":"https:\/\/www.simondluscombe.com\/index.php\/cruzaelraquis\/","name":"Si est\u00e1s aqu\u00ed... - Sim&oacute;n D. Luscombe","isPartOf":{"@id":"https:\/\/www.simondluscombe.com\/#website"},"datePublished":"2025-04-02T21:17:08+00:00","dateModified":"2025-04-02T21:21:20+00:00","breadcrumb":{"@id":"https:\/\/www.simondluscombe.com\/index.php\/cruzaelraquis\/#breadcrumb"},"inLanguage":"es","potentialAction":[{"@type":"ReadAction","target":["https:\/\/www.simondluscombe.com\/index.php\/cruzaelraquis\/"]}]},{"@type":"BreadcrumbList","@id":"https:\/\/www.simondluscombe.com\/index.php\/cruzaelraquis\/#breadcrumb","itemListElement":[{"@type":"ListItem","position":1,"name":"Portada","item":"https:\/\/www.simondluscombe.com\/"},{"@type":"ListItem","position":2,"name":"Si est\u00e1s aqu\u00ed&#8230;"}]},{"@type":"WebSite","@id":"https:\/\/www.simondluscombe.com\/#website","url":"https:\/\/www.simondluscombe.com\/","name":"Sim&oacute;n D. Luscombe","description":"Escritor","publisher":{"@id":"https:\/\/www.simondluscombe.com\/#organization"},"potentialAction":[{"@type":"SearchAction","target":{"@type":"EntryPoint","urlTemplate":"https:\/\/www.simondluscombe.com\/?s={search_term_string}"},"query-input":"required name=search_term_string"}],"inLanguage":"es"},{"@type":"Organization","@id":"https:\/\/www.simondluscombe.com\/#organization","name":"Sim&oacute;n D. Luscombe","url":"https:\/\/www.simondluscombe.com\/","sameAs":[],"logo":{"@type":"ImageObject","inLanguage":"es","@id":"https:\/\/www.simondluscombe.com\/#\/schema\/logo\/image\/","url":"https:\/\/www.simondluscombe.com\/wp-content\/uploads\/2022\/09\/cropped-Mesa-de-trabajo-2@2x.png","contentUrl":"https:\/\/www.simondluscombe.com\/wp-content\/uploads\/2022\/09\/cropped-Mesa-de-trabajo-2@2x.png","width":731,"height":209,"caption":"Sim&oacute;n D. Luscombe"},"image":{"@id":"https:\/\/www.simondluscombe.com\/#\/schema\/logo\/image\/"}}]}},"_links":{"self":[{"href":"https:\/\/www.simondluscombe.com\/index.php\/wp-json\/wp\/v2\/pages\/279","targetHints":{"allow":["GET"]}}],"collection":[{"href":"https:\/\/www.simondluscombe.com\/index.php\/wp-json\/wp\/v2\/pages"}],"about":[{"href":"https:\/\/www.simondluscombe.com\/index.php\/wp-json\/wp\/v2\/types\/page"}],"author":[{"embeddable":true,"href":"https:\/\/www.simondluscombe.com\/index.php\/wp-json\/wp\/v2\/users\/1"}],"replies":[{"embeddable":true,"href":"https:\/\/www.simondluscombe.com\/index.php\/wp-json\/wp\/v2\/comments?post=279"}],"version-history":[{"count":2,"href":"https:\/\/www.simondluscombe.com\/index.php\/wp-json\/wp\/v2\/pages\/279\/revisions"}],"predecessor-version":[{"id":284,"href":"https:\/\/www.simondluscombe.com\/index.php\/wp-json\/wp\/v2\/pages\/279\/revisions\/284"}],"wp:attachment":[{"href":"https:\/\/www.simondluscombe.com\/index.php\/wp-json\/wp\/v2\/media?parent=279"}],"curies":[{"name":"wp","href":"https:\/\/api.w.org\/{rel}","templated":true}]}}