{"id":335,"date":"2025-09-26T17:17:58","date_gmt":"2025-09-26T17:17:58","guid":{"rendered":"https:\/\/www.simondluscombe.com\/?page_id=335"},"modified":"2025-10-13T16:12:40","modified_gmt":"2025-10-13T16:12:40","slug":"mapa-y-regiones-del-raquis","status":"publish","type":"page","link":"https:\/\/www.simondluscombe.com\/index.php\/mapa-y-regiones-del-raquis\/","title":{"rendered":"Mapa y regiones del Raquis"},"content":{"rendered":"\t\t<div data-elementor-type=\"wp-page\" data-elementor-id=\"335\" class=\"elementor elementor-335\">\n\t\t\t\t\t\t\t\t\t<section class=\"elementor-section elementor-top-section elementor-element elementor-element-79c5e8b6 elementor-section-boxed elementor-section-height-default elementor-section-height-default\" data-id=\"79c5e8b6\" data-element_type=\"section\">\n\t\t\t\t\t\t<div class=\"elementor-container elementor-column-gap-default\">\n\t\t\t\t\t<div class=\"elementor-column elementor-col-100 elementor-top-column elementor-element elementor-element-2b5f1d1a\" data-id=\"2b5f1d1a\" data-element_type=\"column\">\n\t\t\t<div class=\"elementor-widget-wrap elementor-element-populated\">\n\t\t\t\t\t\t\t\t<div class=\"elementor-element elementor-element-c6fb21a elementor-widget elementor-widget-text-editor\" data-id=\"c6fb21a\" data-element_type=\"widget\" data-widget_type=\"text-editor.default\">\n\t\t\t\t<div class=\"elementor-widget-container\">\n\t\t\t<style>\/*! elementor - v3.7.4 - 31-08-2022 *\/\n.elementor-widget-text-editor.elementor-drop-cap-view-stacked .elementor-drop-cap{background-color:#818a91;color:#fff}.elementor-widget-text-editor.elementor-drop-cap-view-framed .elementor-drop-cap{color:#818a91;border:3px solid;background-color:transparent}.elementor-widget-text-editor:not(.elementor-drop-cap-view-default) .elementor-drop-cap{margin-top:8px}.elementor-widget-text-editor:not(.elementor-drop-cap-view-default) .elementor-drop-cap-letter{width:1em;height:1em}.elementor-widget-text-editor .elementor-drop-cap{float:left;text-align:center;line-height:1;font-size:50px}.elementor-widget-text-editor .elementor-drop-cap-letter{display:inline-block}<\/style>\t\t\t\t<!-- wp:image {\"id\":336,\"sizeSlug\":\"large\",\"linkDestination\":\"none\"} -->\n<figure class=\"wp-block-image size-large\"><img loading=\"lazy\" decoding=\"async\" width=\"1024\" height=\"768\" class=\"wp-image-336\" src=\"https:\/\/www.simondluscombe.com\/wp-content\/uploads\/2025\/09\/MAPA-Espanol-4-5-23-1-1024x768.jpg\" alt=\"\" srcset=\"https:\/\/www.simondluscombe.com\/wp-content\/uploads\/2025\/09\/MAPA-Espanol-4-5-23-1-1024x768.jpg 1024w, https:\/\/www.simondluscombe.com\/wp-content\/uploads\/2025\/09\/MAPA-Espanol-4-5-23-1-300x225.jpg 300w, https:\/\/www.simondluscombe.com\/wp-content\/uploads\/2025\/09\/MAPA-Espanol-4-5-23-1-768x576.jpg 768w, https:\/\/www.simondluscombe.com\/wp-content\/uploads\/2025\/09\/MAPA-Espanol-4-5-23-1-1536x1152.jpg 1536w, https:\/\/www.simondluscombe.com\/wp-content\/uploads\/2025\/09\/MAPA-Espanol-4-5-23-1.jpg 2048w\" sizes=\"auto, (max-width: 1024px) 100vw, 1024px\" \/>\n<figcaption class=\"wp-element-caption\">El <strong>RAQUIS<\/strong> es la columna vertebral del mundo, que lo separa en dos. A un lado, los <em>Ocho Reinos<\/em>, con las regiones principales y al otro, lado el <em>Noveno<\/em>, salvaje y peligroso. Solo unos pocos se aventuran a ese lado del continente a trav\u00e9s del \u00fanico paso existente entre TresMuros y Mil Estrellas: <strong>la Brecha<\/strong>.<\/figcaption>\n<\/figure>\n<!-- \/wp:image --><!-- wp:paragraph -->\n<h4><strong style=\"font-size: revert; white-space: normal;\">OCHO REINOS<\/strong><\/h4>\n<p><strong style=\"font-size: revert; white-space: normal;\">TRIBURGO<\/strong><span style=\"font-size: revert; white-space: normal;\">\u00a0es la regi\u00f3n principal con las ciudades m\u00e1s pobladas. Entre ellas\u00a0<\/span><em style=\"font-size: revert; white-space: normal;\">Puerta del Mar<\/em><span style=\"font-size: revert; white-space: normal;\">, nueva capital del reino gracias al tr\u00e1fico de mercanc\u00edas que pasa por su puerto. Debido a la deuda acumulada por la vieja aristocracia de\u00a0<\/span><em style=\"font-size: revert; white-space: normal;\">Ciudad Vieja<\/em><span style=\"font-size: revert; white-space: normal;\">, el rey ha tenido que llegar a un acuerdo para cederles el poder a cambio de financiaci\u00f3n. Aun as\u00ed, los viejos gobernantes desprecian a los nuevos mercaderes y no reconocen su autoridad.\u00a0<\/span><em style=\"font-size: revert; white-space: normal;\">Torrescuervos<\/em><span style=\"font-size: revert; white-space: normal;\">\u00a0se alza como la ciudad prisi\u00f3n m\u00e1s segura a este lado del Raquis, con sus torres gemelas que se pueden apreciar a leguas de distancia.<\/span><\/p>\n<p style=\"white-space: normal;\"><strong>FORESTA ABISAL<\/strong>\u00a0es la regi\u00f3n de \u00e1rboles tan grandes como monta\u00f1as y liderada por\u00a0<em>Resno Trantos<\/em>\u00a0desde\u00a0<em>Rocnar<\/em>, su capital. Sus habitantes viven en grupos en los bosques, en armon\u00eda con el entorno y compartiendo todas sus obligaciones. Conocidos por su rudeza y su valent\u00eda, nadie en su sano juicio osar\u00eda enfrentarse a ellos, ya que en tiempos de guerra, a\u00fanan sus fuerzas y son imparables.<\/p>\n<p style=\"white-space: normal;\">Las\u00a0<strong>MARISMAS de SANGRE<\/strong>, al norte de Triburgo, forman una barrera natural tan infranqueable como el mism\u00edsimo Raquis. Una depresi\u00f3n, que se expande m\u00e1s all\u00e1 de la vista, oculta a las bestias m\u00e1s temibles del mundo: los lagartos de fuego, que viven sumergidos en las charcas de lava esparcidas por toda la regi\u00f3n. Se pueden distinguir desde la distancia por las columnas de humo que llegan hasta el cielo a trav\u00e9s del bosque de juncos de bamb\u00fa tan gruesos como el cuerpo de un hombre y tan juntos los unos a los otros que ni una rata cabr\u00eda entre ellos. El agua roja que lo cubre todo y la bruma h\u00fameda del mismo color dan nombre al lugar. Solo los\u00a0<em>rojos<\/em>\u00a0son capaces de vivir all\u00ed. Siete habitantes en toda la regi\u00f3n, que son los \u00fanicos capaces de proveer a la realeza y a todo aquel que pueda pagar el precio de las valios\u00edsimas\u00a0<em>escamas de drag\u00f3n<\/em>, el material m\u00e1s resistente sobre la faz de la tierra.La gente de los\u00a0<\/p>\n<p style=\"white-space: normal;\"><strong>PUEBLOS DELTA<\/strong>\u00a0son m\u00e1s reservados y viven en peque\u00f1os n\u00facleos, lejos los unos de los otros. Sus viviendas flotantes, los losangos, son el s\u00edmbolo de vida simple y honesta. Toda la vida fluye desde y alrededor de los r\u00edos que les proveen de todo lo que necesitan y que acaban formando el Delta, capital de la regi\u00f3n, en su desembocadura al oc\u00e9ano.<\/p>\n<p style=\"white-space: normal;\"><strong>TIERRAESPIGA<\/strong>, tambi\u00e9n conocido como los mares de oro, es la despensa de los Ocho Reinos. Por eso, cuando la sequ\u00eda que dura m\u00e1s de cien a\u00f1os azota al mundo, la producci\u00f3n de trigo es insuficiente y la hambruna se adue\u00f1a de cada rinc\u00f3n de la naci\u00f3n.<\/p>\n<p style=\"white-space: normal;\"><strong>BUFF SEPHYR\u00a0<\/strong>o\u00a0<em>Pen\u00ednsula de los Vientos\u00a0<\/em>es morada de los mejores marineros del reino, ya que al estar azotada por viento huracanados sin cesar, solo los locos se atreven a navegar en tales condiciones. Cuando alguno de sus habitantes abandona las playas de palmeras tumbadas y arena que te arranca la piel para visitar una de las otras ciudades del continente, se les puede reconocer por su indumentaria de tela y m\u00faltiples cuerdas y unos mini cocos que siempre usan en su tierra natal para poder ver en las tormentas de arena.<\/p>\n<p style=\"white-space: normal;\">La regi\u00f3n donde se encuentran los\u00a0<em>monta\u00f1a blanca<\/em>, los seres m\u00e1s fuertes y grandes del mundo, es conocida por su extremo fr\u00edo y absoluta desolaci\u00f3n. Ni un \u00e1rbol ni un mont\u00edculo puede divisarse a cientos de leguas en cualquier direcci\u00f3n en los\u00a0<strong>DESIERTOS GLACIARES<\/strong>. Ahora bien, incluso m\u00e1s peligroso que adentrarte en esas llanuras de blanco interminable, es toparte con un ermita\u00f1o de sus tierras. Al\u00e9jate de los\u00a0<em>monta\u00f1a blanca<\/em>\u00a0a menos que quieras acabar muerto.<\/p>\n<p style=\"white-space: normal;\">Por \u00faltimo, tenemos la ciudad de\u00a0<strong>TRESMUROS<\/strong>, que es considerada una regi\u00f3n de por s\u00ed. Esta fortaleza amurallada consta de tres anillos conc\u00e9ntricos y es el \u00fanico paso para cruzar el Raquis. Controlada por\u00a0<em>l&#8217;Amo Viejo<\/em>\u00a0desde hace siglos, se dice que incluso los reyes les otorgan pleites\u00eda a riesgo de ofenderlos.<\/p>\n<p>\u00a0<\/p>\n<p>\u00a0<\/p>\n<h4 style=\"white-space: normal;\"><strong>EL NOVENO<\/strong><\/h4>\n<p style=\"white-space: normal;\"><strong>EL <\/strong><strong>BOSQUE NO<\/strong>\u00a0est\u00e1 habitado por las temibles\u00a0<em>seres sombra<\/em>. Una arboleda impenetrable y m\u00edstica con una conexi\u00f3n ancestral con el antiguo pueblo de los\u00a0<em>Sholea Tal<\/em>, que seg\u00fan las leyendas, est\u00e1 maldita desde la llegada de los colonos provenientes del viejo continente.<\/p>\n<p style=\"white-space: normal;\"><strong>SHHOL&#8217;DAR<\/strong>, hogar de los extintos habitantes de este lado del Raquis, conocidos por dominar la magia, que dej\u00f3 de existir hace m\u00e1s de mil a\u00f1os.<\/p>\n<p style=\"white-space: normal;\"><strong>LA SOMBRA<\/strong>\u00a0no es m\u00e1s que un rumor sobre una fortaleza invisible en alg\u00fan lugar de la cordillera\u00a0<em>Puerta al Cielo<\/em>. Seg\u00fan las malas lenguas, un ej\u00e9rcito oscuro se alza entre sus muros con la intenci\u00f3n de derrocar al rey y desafiar la supremac\u00eda de los\u00a0<em>Ocho Reinos<\/em>.<\/p>\n<p style=\"white-space: normal;\"><strong>MIL ESTRELLAS<\/strong>\u00a0es el paso occidental de la brecha y est\u00e1 igualmente controlada por\u00a0<em>l&#8217;Amo Nuevo<\/em>. Un campamento de cientos y miles de tiendas de campa\u00f1a, cuyos fuegos brillan en la noche como si del mismo firmamento se tratara.<\/p>\n<p style=\"white-space: normal;\"><strong>LA \u00daLTIMA TALA<\/strong>\u00a0es una c\u00e1rcel sin muros donde los asesinos, violadores y peores criminales pasan sus \u00faltimos d\u00edas encadenados de dos en dos, tratando de ganarle terreno al Bosque No.Los otros asentamientos m\u00e1s destacados son\u00a0<em>Djun&#8217;Taj<\/em>\u00a0y\u00a0<em>Torq\u00fc\u00e9<\/em>, ciudades sin ley donde cada uno mira por s\u00ed mismo. Si buscas el mercado negro de las mejores armas en los confines del mundo, no dudes en visitar\u00a0<em>Djun&#8217;Taj<\/em>, siempre bajo tu propia responsabilidad.<\/p>\n<p style=\"white-space: normal;\"><strong>FANGUALD<\/strong>\u00a0es la regi\u00f3n de los cazadores m\u00e1s all\u00e1 de la\u00a0<em>ruta de las noventa y nueve curvas<\/em>\u00a0o atravesando el mortal\u00a0<em>Paso de los Cuchillos<\/em>. Los habitantes de la\u00a0<em>Ciudad Ara\u00f1a<\/em>\u00a0se dividen en ocho espirales y se deben a ellas. Cada uno de ellos est\u00e1 marcado con un tatuaje caracter\u00edstico de su espiral. Los cazadores viven de comerciar con los productos de la regi\u00f3n y se distinguen por sus rangos. Para ir adquiriendo escalafones dentro de la jerarqu\u00eda de cazadores, hay ciertos animales a los que deben dar caza, a cada cual m\u00e1s mortal y peligroso. Pero la desaparici\u00f3n del m\u00e1s peligroso de todos; la\u00a0<em>Pesadilla Azul<\/em>\u00a0hace m\u00e1s de mil a\u00f1os, ha imposibilitado a ning\u00fan cazador alcanzar el m\u00e1ximo rango:\u00a0<em>Dek\u00e1<\/em>.<\/p>\n<p style=\"white-space: normal;\">Al igual que en los\u00a0<em>Ocho Reinos<\/em>, el continente acaba con los\u00a0<strong>DESIERTOS GLACIARES<\/strong>\u00a0al sur. Tan g\u00e9lidos e inh\u00f3spitos como las tierras gemelas al otro lado del Raquis.<\/p>\n<p><!-- \/wp:paragraph --><\/p>\t\t\t\t\t\t<\/div>\n\t\t\t\t<\/div>\n\t\t\t\t\t<\/div>\n\t\t<\/div>\n\t\t\t\t\t\t\t<\/div>\n\t\t<\/section>\n\t\t\t\t\t\t\t<\/div>\n\t\t","protected":false},"excerpt":{"rendered":"<p>OCHO REINOS TRIBURGO\u00a0es la regi\u00f3n principal con las ciudades m\u00e1s pobladas. Entre ellas\u00a0Puerta del Mar, nueva capital del reino gracias al tr\u00e1fico de mercanc\u00edas que pasa por su puerto. Debido a la deuda acumulada por la vieja aristocracia de\u00a0Ciudad Vieja, el rey ha tenido que llegar a un acuerdo para cederles el poder a cambio [&hellip;]<\/p>\n","protected":false},"author":1,"featured_media":0,"parent":0,"menu_order":0,"comment_status":"closed","ping_status":"closed","template":"","meta":{"footnotes":""},"class_list":["post-335","page","type-page","status-publish","hentry"],"yoast_head":"<!-- This site is optimized with the Yoast SEO plugin v19.6.1 - https:\/\/yoast.com\/wordpress\/plugins\/seo\/ -->\n<title>Mapa y regiones del Raquis - Sim&oacute;n D. Luscombe<\/title>\n<meta name=\"robots\" content=\"index, follow, max-snippet:-1, max-image-preview:large, max-video-preview:-1\" \/>\n<link rel=\"canonical\" href=\"https:\/\/www.simondluscombe.com\/index.php\/mapa-y-regiones-del-raquis\/\" \/>\n<meta property=\"og:locale\" content=\"es_ES\" \/>\n<meta property=\"og:type\" content=\"article\" \/>\n<meta property=\"og:title\" content=\"Mapa y regiones del Raquis - Sim&oacute;n D. Luscombe\" \/>\n<meta property=\"og:description\" content=\"OCHO REINOS TRIBURGO\u00a0es la regi\u00f3n principal con las ciudades m\u00e1s pobladas. Entre ellas\u00a0Puerta del Mar, nueva capital del reino gracias al tr\u00e1fico de mercanc\u00edas que pasa por su puerto. Debido a la deuda acumulada por la vieja aristocracia de\u00a0Ciudad Vieja, el rey ha tenido que llegar a un acuerdo para cederles el poder a cambio [&hellip;]\" \/>\n<meta property=\"og:url\" content=\"https:\/\/www.simondluscombe.com\/index.php\/mapa-y-regiones-del-raquis\/\" \/>\n<meta property=\"og:site_name\" content=\"Sim&oacute;n D. Luscombe\" \/>\n<meta property=\"article:modified_time\" content=\"2025-10-13T16:12:40+00:00\" \/>\n<meta property=\"og:image\" content=\"https:\/\/www.simondluscombe.com\/wp-content\/uploads\/2025\/09\/MAPA-Espanol-4-5-23-1-1024x768.jpg\" \/>\n<meta name=\"twitter:card\" content=\"summary_large_image\" \/>\n<meta name=\"twitter:label1\" content=\"Tiempo de lectura\" \/>\n\t<meta name=\"twitter:data1\" content=\"6 minutos\" \/>\n<script type=\"application\/ld+json\" class=\"yoast-schema-graph\">{\"@context\":\"https:\/\/schema.org\",\"@graph\":[{\"@type\":\"WebPage\",\"@id\":\"https:\/\/www.simondluscombe.com\/index.php\/mapa-y-regiones-del-raquis\/\",\"url\":\"https:\/\/www.simondluscombe.com\/index.php\/mapa-y-regiones-del-raquis\/\",\"name\":\"Mapa y regiones del Raquis - Sim&oacute;n D. Luscombe\",\"isPartOf\":{\"@id\":\"https:\/\/www.simondluscombe.com\/#website\"},\"datePublished\":\"2025-09-26T17:17:58+00:00\",\"dateModified\":\"2025-10-13T16:12:40+00:00\",\"breadcrumb\":{\"@id\":\"https:\/\/www.simondluscombe.com\/index.php\/mapa-y-regiones-del-raquis\/#breadcrumb\"},\"inLanguage\":\"es\",\"potentialAction\":[{\"@type\":\"ReadAction\",\"target\":[\"https:\/\/www.simondluscombe.com\/index.php\/mapa-y-regiones-del-raquis\/\"]}]},{\"@type\":\"BreadcrumbList\",\"@id\":\"https:\/\/www.simondluscombe.com\/index.php\/mapa-y-regiones-del-raquis\/#breadcrumb\",\"itemListElement\":[{\"@type\":\"ListItem\",\"position\":1,\"name\":\"Portada\",\"item\":\"https:\/\/www.simondluscombe.com\/\"},{\"@type\":\"ListItem\",\"position\":2,\"name\":\"Mapa y regiones del Raquis\"}]},{\"@type\":\"WebSite\",\"@id\":\"https:\/\/www.simondluscombe.com\/#website\",\"url\":\"https:\/\/www.simondluscombe.com\/\",\"name\":\"Sim&oacute;n D. Luscombe\",\"description\":\"Escritor\",\"publisher\":{\"@id\":\"https:\/\/www.simondluscombe.com\/#organization\"},\"potentialAction\":[{\"@type\":\"SearchAction\",\"target\":{\"@type\":\"EntryPoint\",\"urlTemplate\":\"https:\/\/www.simondluscombe.com\/?s={search_term_string}\"},\"query-input\":\"required name=search_term_string\"}],\"inLanguage\":\"es\"},{\"@type\":\"Organization\",\"@id\":\"https:\/\/www.simondluscombe.com\/#organization\",\"name\":\"Sim&oacute;n D. Luscombe\",\"url\":\"https:\/\/www.simondluscombe.com\/\",\"sameAs\":[],\"logo\":{\"@type\":\"ImageObject\",\"inLanguage\":\"es\",\"@id\":\"https:\/\/www.simondluscombe.com\/#\/schema\/logo\/image\/\",\"url\":\"https:\/\/www.simondluscombe.com\/wp-content\/uploads\/2022\/09\/cropped-Mesa-de-trabajo-2@2x.png\",\"contentUrl\":\"https:\/\/www.simondluscombe.com\/wp-content\/uploads\/2022\/09\/cropped-Mesa-de-trabajo-2@2x.png\",\"width\":731,\"height\":209,\"caption\":\"Sim&oacute;n D. Luscombe\"},\"image\":{\"@id\":\"https:\/\/www.simondluscombe.com\/#\/schema\/logo\/image\/\"}}]}<\/script>\n<!-- \/ Yoast SEO plugin. -->","yoast_head_json":{"title":"Mapa y regiones del Raquis - Sim&oacute;n D. Luscombe","robots":{"index":"index","follow":"follow","max-snippet":"max-snippet:-1","max-image-preview":"max-image-preview:large","max-video-preview":"max-video-preview:-1"},"canonical":"https:\/\/www.simondluscombe.com\/index.php\/mapa-y-regiones-del-raquis\/","og_locale":"es_ES","og_type":"article","og_title":"Mapa y regiones del Raquis - Sim&oacute;n D. Luscombe","og_description":"OCHO REINOS TRIBURGO\u00a0es la regi\u00f3n principal con las ciudades m\u00e1s pobladas. Entre ellas\u00a0Puerta del Mar, nueva capital del reino gracias al tr\u00e1fico de mercanc\u00edas que pasa por su puerto. Debido a la deuda acumulada por la vieja aristocracia de\u00a0Ciudad Vieja, el rey ha tenido que llegar a un acuerdo para cederles el poder a cambio [&hellip;]","og_url":"https:\/\/www.simondluscombe.com\/index.php\/mapa-y-regiones-del-raquis\/","og_site_name":"Sim&oacute;n D. Luscombe","article_modified_time":"2025-10-13T16:12:40+00:00","og_image":[{"url":"https:\/\/www.simondluscombe.com\/wp-content\/uploads\/2025\/09\/MAPA-Espanol-4-5-23-1-1024x768.jpg"}],"twitter_card":"summary_large_image","twitter_misc":{"Tiempo de lectura":"6 minutos"},"schema":{"@context":"https:\/\/schema.org","@graph":[{"@type":"WebPage","@id":"https:\/\/www.simondluscombe.com\/index.php\/mapa-y-regiones-del-raquis\/","url":"https:\/\/www.simondluscombe.com\/index.php\/mapa-y-regiones-del-raquis\/","name":"Mapa y regiones del Raquis - Sim&oacute;n D. Luscombe","isPartOf":{"@id":"https:\/\/www.simondluscombe.com\/#website"},"datePublished":"2025-09-26T17:17:58+00:00","dateModified":"2025-10-13T16:12:40+00:00","breadcrumb":{"@id":"https:\/\/www.simondluscombe.com\/index.php\/mapa-y-regiones-del-raquis\/#breadcrumb"},"inLanguage":"es","potentialAction":[{"@type":"ReadAction","target":["https:\/\/www.simondluscombe.com\/index.php\/mapa-y-regiones-del-raquis\/"]}]},{"@type":"BreadcrumbList","@id":"https:\/\/www.simondluscombe.com\/index.php\/mapa-y-regiones-del-raquis\/#breadcrumb","itemListElement":[{"@type":"ListItem","position":1,"name":"Portada","item":"https:\/\/www.simondluscombe.com\/"},{"@type":"ListItem","position":2,"name":"Mapa y regiones del Raquis"}]},{"@type":"WebSite","@id":"https:\/\/www.simondluscombe.com\/#website","url":"https:\/\/www.simondluscombe.com\/","name":"Sim&oacute;n D. Luscombe","description":"Escritor","publisher":{"@id":"https:\/\/www.simondluscombe.com\/#organization"},"potentialAction":[{"@type":"SearchAction","target":{"@type":"EntryPoint","urlTemplate":"https:\/\/www.simondluscombe.com\/?s={search_term_string}"},"query-input":"required name=search_term_string"}],"inLanguage":"es"},{"@type":"Organization","@id":"https:\/\/www.simondluscombe.com\/#organization","name":"Sim&oacute;n D. Luscombe","url":"https:\/\/www.simondluscombe.com\/","sameAs":[],"logo":{"@type":"ImageObject","inLanguage":"es","@id":"https:\/\/www.simondluscombe.com\/#\/schema\/logo\/image\/","url":"https:\/\/www.simondluscombe.com\/wp-content\/uploads\/2022\/09\/cropped-Mesa-de-trabajo-2@2x.png","contentUrl":"https:\/\/www.simondluscombe.com\/wp-content\/uploads\/2022\/09\/cropped-Mesa-de-trabajo-2@2x.png","width":731,"height":209,"caption":"Sim&oacute;n D. Luscombe"},"image":{"@id":"https:\/\/www.simondluscombe.com\/#\/schema\/logo\/image\/"}}]}},"_links":{"self":[{"href":"https:\/\/www.simondluscombe.com\/index.php\/wp-json\/wp\/v2\/pages\/335","targetHints":{"allow":["GET"]}}],"collection":[{"href":"https:\/\/www.simondluscombe.com\/index.php\/wp-json\/wp\/v2\/pages"}],"about":[{"href":"https:\/\/www.simondluscombe.com\/index.php\/wp-json\/wp\/v2\/types\/page"}],"author":[{"embeddable":true,"href":"https:\/\/www.simondluscombe.com\/index.php\/wp-json\/wp\/v2\/users\/1"}],"replies":[{"embeddable":true,"href":"https:\/\/www.simondluscombe.com\/index.php\/wp-json\/wp\/v2\/comments?post=335"}],"version-history":[{"count":10,"href":"https:\/\/www.simondluscombe.com\/index.php\/wp-json\/wp\/v2\/pages\/335\/revisions"}],"predecessor-version":[{"id":453,"href":"https:\/\/www.simondluscombe.com\/index.php\/wp-json\/wp\/v2\/pages\/335\/revisions\/453"}],"wp:attachment":[{"href":"https:\/\/www.simondluscombe.com\/index.php\/wp-json\/wp\/v2\/media?parent=335"}],"curies":[{"name":"wp","href":"https:\/\/api.w.org\/{rel}","templated":true}]}}